{"id":409,"date":"2026-01-03T17:34:23","date_gmt":"2026-01-03T17:34:23","guid":{"rendered":"https:\/\/voge-benelux.com\/fr\/?page_id=409"},"modified":"2026-01-03T17:35:12","modified_gmt":"2026-01-03T17:35:12","slug":"a-propos-de-voge","status":"publish","type":"page","link":"https:\/\/voge-benelux.com\/fr\/a-propos-de-voge\/","title":{"rendered":"\u00c0 PROPOS DE VOGE"},"content":{"rendered":"\t\t<div data-elementor-type=\"wp-page\" data-elementor-id=\"409\" class=\"elementor elementor-409\" data-elementor-post-type=\"page\">\n\t\t\t\t\t\t<section class=\"elementor-section elementor-top-section elementor-element elementor-element-fd9103e elementor-section-full_width elementor-section-height-default elementor-section-height-default\" data-id=\"fd9103e\" data-element_type=\"section\">\n\t\t\t\t\t\t<div class=\"elementor-container elementor-column-gap-no\">\n\t\t\t\t\t<div class=\"elementor-column elementor-col-100 elementor-top-column elementor-element elementor-element-6402025\" data-id=\"6402025\" data-element_type=\"column\">\n\t\t\t<div class=\"elementor-widget-wrap elementor-element-populated\">\n\t\t\t\t\t\t<div class=\"elementor-element elementor-element-aa7bd46 elementor--h-position-center elementor--v-position-middle elementor-arrows-position-inside elementor-pagination-position-inside elementor-widget elementor-widget-slides\" data-id=\"aa7bd46\" data-element_type=\"widget\" data-settings=\"{&quot;navigation&quot;:&quot;both&quot;,&quot;autoplay&quot;:&quot;yes&quot;,&quot;pause_on_hover&quot;:&quot;yes&quot;,&quot;pause_on_interaction&quot;:&quot;yes&quot;,&quot;autoplay_speed&quot;:5000,&quot;infinite&quot;:&quot;yes&quot;,&quot;transition&quot;:&quot;slide&quot;,&quot;transition_speed&quot;:500}\" data-widget_type=\"slides.default\">\n\t\t\t\t\t\t\t\t\t\t<div class=\"elementor-slides-wrapper elementor-main-swiper swiper\" role=\"region\" aria-roledescription=\"carousel\" aria-label=\"Bildspel\" dir=\"ltr\" data-animation=\"fadeInUp\">\n\t\t\t\t<div class=\"swiper-wrapper elementor-slides\">\n\t\t\t\t\t\t\t\t\t\t<div class=\"elementor-repeater-item-a0d926d swiper-slide\" role=\"group\" aria-roledescription=\"slide\"><div class=\"swiper-slide-bg\" role=\"img\" aria-label=\"About-Voge.webp\"><\/div><div class=\"swiper-slide-inner\" ><div class=\"swiper-slide-contents\"><\/div><\/div><\/div>\t\t\t\t<\/div>\n\t\t\t\t\t\t\t<\/div>\n\t\t\t\t\t\t\t\t<\/div>\n\t\t\t\t\t<\/div>\n\t\t<\/div>\n\t\t\t\t\t<\/div>\n\t\t<\/section>\n\t\t\t\t<section class=\"elementor-section elementor-top-section elementor-element elementor-element-840579b elementor-section-boxed elementor-section-height-default elementor-section-height-default\" data-id=\"840579b\" data-element_type=\"section\">\n\t\t\t\t\t\t<div class=\"elementor-container elementor-column-gap-default\">\n\t\t\t\t\t<div class=\"elementor-column elementor-col-100 elementor-top-column elementor-element elementor-element-1f1cd2d\" data-id=\"1f1cd2d\" data-element_type=\"column\">\n\t\t\t<div class=\"elementor-widget-wrap elementor-element-populated\">\n\t\t\t\t\t\t<div class=\"elementor-element elementor-element-35ec955 elementor-widget elementor-widget-spacer\" data-id=\"35ec955\" data-element_type=\"widget\" data-widget_type=\"spacer.default\">\n\t\t\t\t\t\t\t<div class=\"elementor-spacer\">\n\t\t\t<div class=\"elementor-spacer-inner\"><\/div>\n\t\t<\/div>\n\t\t\t\t\t\t<\/div>\n\t\t\t\t<div class=\"elementor-element elementor-element-95ded57 elementor-widget-divider--view-line elementor-widget elementor-widget-divider\" data-id=\"95ded57\" data-element_type=\"widget\" data-widget_type=\"divider.default\">\n\t\t\t\t\t\t\t<div class=\"elementor-divider\">\n\t\t\t<span class=\"elementor-divider-separator\">\n\t\t\t\t\t\t<\/span>\n\t\t<\/div>\n\t\t\t\t\t\t<\/div>\n\t\t\t\t\t<\/div>\n\t\t<\/div>\n\t\t\t\t\t<\/div>\n\t\t<\/section>\n\t\t<div class=\"elementor-element elementor-element-d3941a0 e-flex e-con-boxed e-con e-parent\" data-id=\"d3941a0\" data-element_type=\"container\">\n\t\t\t\t\t<div class=\"e-con-inner\">\n\t\t\t\t<div class=\"elementor-element elementor-element-7cb03e7 elementor-widget elementor-widget-heading\" data-id=\"7cb03e7\" data-element_type=\"widget\" data-widget_type=\"heading.default\">\n\t\t\t\t\t<h2 class=\"elementor-heading-title elementor-size-default\">INTRODUCTION DE LA MARQUE<\/h2>\t\t\t\t<\/div>\n\t\t\t\t\t<\/div>\n\t\t\t\t<\/div>\n\t\t<div class=\"elementor-element elementor-element-48b48a4 e-flex e-con-boxed e-con e-parent\" data-id=\"48b48a4\" data-element_type=\"container\">\n\t\t\t\t\t<div class=\"e-con-inner\">\n\t\t<div class=\"elementor-element elementor-element-4bbc942 e-con-full e-flex e-con e-child\" data-id=\"4bbc942\" data-element_type=\"container\">\n\t\t\t\t<div class=\"elementor-element elementor-element-86d9030 elementor-widget elementor-widget-text-editor\" data-id=\"86d9030\" data-element_type=\"widget\" data-widget_type=\"text-editor.default\">\n\t\t\t\t\t\t\t\t\t<p>VOGE, EN TANT QUE MARQUE DE MOTOS HAUT DE GAMME DE LONCIN MOTOR CO., LTD., A \u00c9T\u00c9 LANC\u00c9E LORS DE LA 15E CIMA (CHONGQING INTERNATIONAL MOTORCYCLE TRADE EXHIBITION) LE 21 SEPTEMBRE 2018.<\/p><p>FACE AUX NOUVELLES OPPORTUNIT\u00c9S DU MARCH\u00c9, LONCIN DISPOSE AUJOURD\u2019HUI DE LA CAPACIT\u00c9 DE FABRIQUER DES MOTOS HAUT DE GAMME, GR\u00c2CE \u00c0 SES ANN\u00c9ES D\u2019EXP\u00c9RIENCE TECHNIQUE DANS L\u2019INDUSTRIE MOTOCYCLISTE, \u00c0 SA COOP\u00c9RATION APPROFONDIE AVEC BMW, \u00c0 SON \u00c9QUIPE SOLIDE AINSI QU\u2019AU SOUTIEN FINANCIER DE SA MAISON-M\u00c8RE.<\/p><p>VOGE, CONSTRUITE AVEC PASSION PAR LONCIN, VISE \u00c0 OFFRIR AUX CONSOMMATEURS UN NOUVEAU CHOIX DANS UNE \u00c8RE D\u2019\u00c9VOLUTION DES HABITUDES DE CONSOMMATION, ET \u00c0 PROPOSER AU MONDE UNE MARQUE DE MOTOS SPORTIVES ALLIANT FINESSE DE FABRICATION, PR\u00c9CISION DE PILOTAGE ET PLAISIR DE CONDUITE ULTIME.<\/p>\t\t\t\t\t\t\t\t<\/div>\n\t\t\t\t<\/div>\n\t\t\t\t<div class=\"elementor-element elementor-element-288359c elementor-widget elementor-widget-image\" data-id=\"288359c\" data-element_type=\"widget\" data-widget_type=\"image.default\">\n\t\t\t\t\t\t\t\t\t\t\t\t\t\t\t<img fetchpriority=\"high\" decoding=\"async\" width=\"1300\" height=\"400\" src=\"https:\/\/voge-benelux.com\/fr\/wp-content\/uploads\/2026\/01\/Brand-introduction.webp\" class=\"attachment-full size-full wp-image-196\" alt=\"\" srcset=\"https:\/\/voge-benelux.com\/fr\/wp-content\/uploads\/2026\/01\/Brand-introduction.webp 1300w, https:\/\/voge-benelux.com\/fr\/wp-content\/uploads\/2026\/01\/Brand-introduction-300x92.webp 300w, https:\/\/voge-benelux.com\/fr\/wp-content\/uploads\/2026\/01\/Brand-introduction-1024x315.webp 1024w, https:\/\/voge-benelux.com\/fr\/wp-content\/uploads\/2026\/01\/Brand-introduction-768x236.webp 768w\" sizes=\"(max-width: 1300px) 100vw, 1300px\" \/>\t\t\t\t\t\t\t\t\t\t\t\t\t\t\t<\/div>\n\t\t\t\t\t<\/div>\n\t\t\t\t<\/div>\n\t\t<div class=\"elementor-element elementor-element-b3d461e e-flex e-con-boxed e-con e-parent\" data-id=\"b3d461e\" data-element_type=\"container\">\n\t\t\t\t\t<div class=\"e-con-inner\">\n\t\t\t\t<div class=\"elementor-element elementor-element-aca6bae elementor-widget elementor-widget-spacer\" data-id=\"aca6bae\" data-element_type=\"widget\" data-widget_type=\"spacer.default\">\n\t\t\t\t\t\t\t<div class=\"elementor-spacer\">\n\t\t\t<div class=\"elementor-spacer-inner\"><\/div>\n\t\t<\/div>\n\t\t\t\t\t\t<\/div>\n\t\t\t\t\t<\/div>\n\t\t\t\t<\/div>\n\t\t<div class=\"elementor-element elementor-element-2016dad e-flex e-con-boxed e-con e-parent\" data-id=\"2016dad\" data-element_type=\"container\">\n\t\t\t\t\t<div class=\"e-con-inner\">\n\t\t\t\t<div class=\"elementor-element elementor-element-24c7a9c elementor-widget elementor-widget-heading\" data-id=\"24c7a9c\" data-element_type=\"widget\" data-widget_type=\"heading.default\">\n\t\t\t\t\t<h2 class=\"elementor-heading-title elementor-size-default\">POSITIONNEMENT DE LA MARQUE<\/h2>\t\t\t\t<\/div>\n\t\t\t\t\t<\/div>\n\t\t\t\t<\/div>\n\t\t<div class=\"elementor-element elementor-element-0acd310 e-flex e-con-boxed e-con e-parent\" data-id=\"0acd310\" data-element_type=\"container\">\n\t\t\t\t\t<div class=\"e-con-inner\">\n\t\t\t\t<div class=\"elementor-element elementor-element-bcfc183 elementor--h-position-center elementor--v-position-middle elementor-arrows-position-inside elementor-pagination-position-inside elementor-widget elementor-widget-slides\" data-id=\"bcfc183\" data-element_type=\"widget\" data-settings=\"{&quot;navigation&quot;:&quot;both&quot;,&quot;autoplay&quot;:&quot;yes&quot;,&quot;pause_on_hover&quot;:&quot;yes&quot;,&quot;pause_on_interaction&quot;:&quot;yes&quot;,&quot;autoplay_speed&quot;:5000,&quot;infinite&quot;:&quot;yes&quot;,&quot;transition&quot;:&quot;slide&quot;,&quot;transition_speed&quot;:500}\" data-widget_type=\"slides.default\">\n\t\t\t\t\t\t\t\t\t\t<div class=\"elementor-slides-wrapper elementor-main-swiper swiper\" role=\"region\" aria-roledescription=\"carousel\" aria-label=\"Slides\" dir=\"ltr\" data-animation=\"fadeInUp\">\n\t\t\t\t<div class=\"swiper-wrapper elementor-slides\">\n\t\t\t\t\t\t\t\t\t\t<div class=\"elementor-repeater-item-fcf1aaa swiper-slide\" role=\"group\" aria-roledescription=\"slide\"><div class=\"swiper-slide-bg\" role=\"img\" aria-label=\"Sporty-Motorcycle-brand-with-Supreme-Driving-Fun.webp\"><\/div><div class=\"swiper-slide-inner\" ><div class=\"swiper-slide-contents\"><div class=\"elementor-slide-heading\">Marque de motos sportive offrant un plaisir de conduite supr\u00eame<\/div><\/div><\/div><\/div>\t\t\t\t<\/div>\n\t\t\t\t\t\t\t<\/div>\n\t\t\t\t\t\t\t\t<\/div>\n\t\t\t\t\t<\/div>\n\t\t\t\t<\/div>\n\t\t<div class=\"elementor-element elementor-element-90934d1 e-flex e-con-boxed e-con e-parent\" data-id=\"90934d1\" data-element_type=\"container\">\n\t\t\t\t\t<div class=\"e-con-inner\">\n\t\t\t\t<div class=\"elementor-element elementor-element-67affaa elementor-widget elementor-widget-spacer\" data-id=\"67affaa\" data-element_type=\"widget\" data-widget_type=\"spacer.default\">\n\t\t\t\t\t\t\t<div class=\"elementor-spacer\">\n\t\t\t<div class=\"elementor-spacer-inner\"><\/div>\n\t\t<\/div>\n\t\t\t\t\t\t<\/div>\n\t\t\t\t\t<\/div>\n\t\t\t\t<\/div>\n\t\t<div class=\"elementor-element elementor-element-18fa149 e-flex e-con-boxed e-con e-parent\" data-id=\"18fa149\" data-element_type=\"container\">\n\t\t\t\t\t<div class=\"e-con-inner\">\n\t\t\t\t<div class=\"elementor-element elementor-element-a5809d1 elementor-widget elementor-widget-heading\" data-id=\"a5809d1\" data-element_type=\"widget\" data-widget_type=\"heading.default\">\n\t\t\t\t\t<h2 class=\"elementor-heading-title elementor-size-default\">SLOGAN DE MARQUE<\/h2>\t\t\t\t<\/div>\n\t\t\t\t\t<\/div>\n\t\t\t\t<\/div>\n\t\t<div class=\"elementor-element elementor-element-f312dd6 e-flex e-con-boxed e-con e-parent\" data-id=\"f312dd6\" data-element_type=\"container\">\n\t\t\t\t\t<div class=\"e-con-inner\">\n\t\t\t\t<div class=\"elementor-element elementor-element-3b685c5 elementor--h-position-center elementor--v-position-middle elementor-arrows-position-inside elementor-pagination-position-inside elementor-widget elementor-widget-slides\" data-id=\"3b685c5\" data-element_type=\"widget\" data-settings=\"{&quot;navigation&quot;:&quot;both&quot;,&quot;autoplay&quot;:&quot;yes&quot;,&quot;pause_on_hover&quot;:&quot;yes&quot;,&quot;pause_on_interaction&quot;:&quot;yes&quot;,&quot;autoplay_speed&quot;:5000,&quot;infinite&quot;:&quot;yes&quot;,&quot;transition&quot;:&quot;slide&quot;,&quot;transition_speed&quot;:500}\" data-widget_type=\"slides.default\">\n\t\t\t\t\t\t\t\t\t\t<div class=\"elementor-slides-wrapper elementor-main-swiper swiper\" role=\"region\" aria-roledescription=\"carousel\" aria-label=\"Slides\" dir=\"ltr\" data-animation=\"fadeInUp\">\n\t\t\t\t<div class=\"swiper-wrapper elementor-slides\">\n\t\t\t\t\t\t\t\t\t\t<div class=\"elementor-repeater-item-fcf1aaa swiper-slide\" role=\"group\" aria-roledescription=\"slide\"><div class=\"swiper-slide-bg\" role=\"img\" aria-label=\"VOGE-motorcycle-Far-Beyond-Quality.webp\"><\/div><div class=\"swiper-slide-inner\" ><div class=\"swiper-slide-contents\"><div class=\"elementor-slide-heading\">VOGE Motorcycles \u2014 Loin, et Au-del\u00e0 de la Qualit\u00e9<\/div><\/div><\/div><\/div>\t\t\t\t<\/div>\n\t\t\t\t\t\t\t<\/div>\n\t\t\t\t\t\t\t\t<\/div>\n\t\t\t\t\t<\/div>\n\t\t\t\t<\/div>\n\t\t<div class=\"elementor-element elementor-element-ef38a72 e-flex e-con-boxed e-con e-parent\" data-id=\"ef38a72\" data-element_type=\"container\">\n\t\t\t\t\t<div class=\"e-con-inner\">\n\t\t\t\t<div class=\"elementor-element elementor-element-3c71952 elementor-widget elementor-widget-spacer\" data-id=\"3c71952\" data-element_type=\"widget\" data-widget_type=\"spacer.default\">\n\t\t\t\t\t\t\t<div class=\"elementor-spacer\">\n\t\t\t<div class=\"elementor-spacer-inner\"><\/div>\n\t\t<\/div>\n\t\t\t\t\t\t<\/div>\n\t\t\t\t\t<\/div>\n\t\t\t\t<\/div>\n\t\t<div class=\"elementor-element elementor-element-f1f8539 e-flex e-con-boxed e-con e-parent\" data-id=\"f1f8539\" data-element_type=\"container\">\n\t\t\t\t\t<div class=\"e-con-inner\">\n\t\t\t\t<div class=\"elementor-element elementor-element-b9f3f60 elementor-widget elementor-widget-heading\" data-id=\"b9f3f60\" data-element_type=\"widget\" data-widget_type=\"heading.default\">\n\t\t\t\t\t<h2 class=\"elementor-heading-title elementor-size-default\">Personnalit\u00e9 de la marque<\/h2>\t\t\t\t<\/div>\n\t\t\t\t\t<\/div>\n\t\t\t\t<\/div>\n\t\t<div class=\"elementor-element elementor-element-9cbb6eb e-flex e-con-boxed e-con e-parent\" data-id=\"9cbb6eb\" data-element_type=\"container\">\n\t\t\t\t\t<div class=\"e-con-inner\">\n\t\t<div class=\"elementor-element elementor-element-523d576 e-con-full e-flex e-con e-child\" data-id=\"523d576\" data-element_type=\"container\">\n\t\t\t\t<div class=\"elementor-element elementor-element-06a1a79 elementor-widget elementor-widget-video\" data-id=\"06a1a79\" data-element_type=\"widget\" data-settings=\"{&quot;video_type&quot;:&quot;hosted&quot;,&quot;controls&quot;:&quot;yes&quot;}\" data-widget_type=\"video.default\">\n\t\t\t\t\t\t\t<div class=\"e-hosted-video elementor-wrapper elementor-open-inline\">\n\t\t\t\t\t<video class=\"elementor-video\" src=\"https:\/\/voge-benelux.com\/fr\/wp-content\/uploads\/2026\/01\/DS800Rally.webm\" controls=\"\" preload=\"metadata\" controlsList=\"nodownload\"><\/video>\n\t\t\t\t<\/div>\n\t\t\t\t\t\t<\/div>\n\t\t\t\t<div class=\"elementor-element elementor-element-4abdf83 elementor-widget elementor-widget-heading\" data-id=\"4abdf83\" data-element_type=\"widget\" data-widget_type=\"heading.default\">\n\t\t\t\t\t<h2 class=\"elementor-heading-title elementor-size-default\">Puret\u00e9<\/h2>\t\t\t\t<\/div>\n\t\t\t\t<\/div>\n\t\t<div class=\"elementor-element elementor-element-c8f1b10 e-con-full e-flex e-con e-child\" data-id=\"c8f1b10\" data-element_type=\"container\">\n\t\t\t\t<div class=\"elementor-element elementor-element-ae0b1c5 elementor-widget elementor-widget-video\" data-id=\"ae0b1c5\" data-element_type=\"widget\" data-settings=\"{&quot;video_type&quot;:&quot;hosted&quot;,&quot;controls&quot;:&quot;yes&quot;}\" data-widget_type=\"video.default\">\n\t\t\t\t\t\t\t<div class=\"e-hosted-video elementor-wrapper elementor-open-inline\">\n\t\t\t\t\t<video class=\"elementor-video\" src=\"https:\/\/voge-benelux.com\/fr\/wp-content\/uploads\/2026\/01\/passionate1.mp4\" controls=\"\" preload=\"metadata\" controlsList=\"nodownload\"><\/video>\n\t\t\t\t<\/div>\n\t\t\t\t\t\t<\/div>\n\t\t\t\t<div class=\"elementor-element elementor-element-3384e0a elementor-widget elementor-widget-heading\" data-id=\"3384e0a\" data-element_type=\"widget\" data-widget_type=\"heading.default\">\n\t\t\t\t\t<h2 class=\"elementor-heading-title elementor-size-default\">Passion<\/h2>\t\t\t\t<\/div>\n\t\t\t\t<\/div>\n\t\t<div class=\"elementor-element elementor-element-c8fe8aa e-con-full e-flex e-con e-child\" data-id=\"c8fe8aa\" data-element_type=\"container\">\n\t\t\t\t<div class=\"elementor-element elementor-element-6c7a632 elementor-widget elementor-widget-video\" data-id=\"6c7a632\" data-element_type=\"widget\" data-settings=\"{&quot;video_type&quot;:&quot;hosted&quot;,&quot;controls&quot;:&quot;yes&quot;}\" data-widget_type=\"video.default\">\n\t\t\t\t\t\t\t<div class=\"e-hosted-video elementor-wrapper elementor-open-inline\">\n\t\t\t\t\t<video class=\"elementor-video\" src=\"https:\/\/voge-benelux.com\/fr\/wp-content\/uploads\/2026\/01\/Progress.mp4\" controls=\"\" preload=\"metadata\" controlsList=\"nodownload\"><\/video>\n\t\t\t\t<\/div>\n\t\t\t\t\t\t<\/div>\n\t\t\t\t<div class=\"elementor-element elementor-element-d5c8cce elementor-widget elementor-widget-heading\" data-id=\"d5c8cce\" data-element_type=\"widget\" data-widget_type=\"heading.default\">\n\t\t\t\t\t<h2 class=\"elementor-heading-title elementor-size-default\">Progr\u00e8s<\/h2>\t\t\t\t<\/div>\n\t\t\t\t<\/div>\n\t\t\t\t\t<\/div>\n\t\t\t\t<\/div>\n\t\t<div class=\"elementor-element elementor-element-6f9f1d0 e-flex e-con-boxed e-con e-parent\" data-id=\"6f9f1d0\" data-element_type=\"container\">\n\t\t\t\t\t<div class=\"e-con-inner\">\n\t\t\t\t<div class=\"elementor-element elementor-element-f4b7814 elementor-widget elementor-widget-spacer\" data-id=\"f4b7814\" data-element_type=\"widget\" data-widget_type=\"spacer.default\">\n\t\t\t\t\t\t\t<div class=\"elementor-spacer\">\n\t\t\t<div class=\"elementor-spacer-inner\"><\/div>\n\t\t<\/div>\n\t\t\t\t\t\t<\/div>\n\t\t\t\t\t<\/div>\n\t\t\t\t<\/div>\n\t\t\t\t<\/div>\n\t\t","protected":false},"excerpt":{"rendered":"<p>INTRODUCTION DE LA MARQUE VOGE, EN TANT QUE MARQUE DE MOTOS HAUT DE GAMME DE LONCIN MOTOR CO., LTD., A \u00c9T\u00c9 LANC\u00c9E LORS DE LA 15E CIMA (CHONGQING INTERNATIONAL MOTORCYCLE TRADE EXHIBITION) LE 21 SEPTEMBRE 2018. FACE AUX NOUVELLES OPPORTUNIT\u00c9S DU MARCH\u00c9, LONCIN DISPOSE AUJOURD\u2019HUI DE LA CAPACIT\u00c9 DE FABRIQUER DES MOTOS HAUT DE GAMME, [&hellip;]<\/p>\n","protected":false},"author":1,"featured_media":0,"parent":0,"menu_order":0,"comment_status":"closed","ping_status":"closed","template":"elementor_header_footer","meta":{"footnotes":""},"class_list":["post-409","page","type-page","status-publish","hentry"],"_links":{"self":[{"href":"https:\/\/voge-benelux.com\/fr\/wp-json\/wp\/v2\/pages\/409","targetHints":{"allow":["GET"]}}],"collection":[{"href":"https:\/\/voge-benelux.com\/fr\/wp-json\/wp\/v2\/pages"}],"about":[{"href":"https:\/\/voge-benelux.com\/fr\/wp-json\/wp\/v2\/types\/page"}],"author":[{"embeddable":true,"href":"https:\/\/voge-benelux.com\/fr\/wp-json\/wp\/v2\/users\/1"}],"replies":[{"embeddable":true,"href":"https:\/\/voge-benelux.com\/fr\/wp-json\/wp\/v2\/comments?post=409"}],"version-history":[{"count":4,"href":"https:\/\/voge-benelux.com\/fr\/wp-json\/wp\/v2\/pages\/409\/revisions"}],"predecessor-version":[{"id":413,"href":"https:\/\/voge-benelux.com\/fr\/wp-json\/wp\/v2\/pages\/409\/revisions\/413"}],"wp:attachment":[{"href":"https:\/\/voge-benelux.com\/fr\/wp-json\/wp\/v2\/media?parent=409"}],"curies":[{"name":"wp","href":"https:\/\/api.w.org\/{rel}","templated":true}]}}